{"id":50,"date":"2017-05-23T14:44:22","date_gmt":"2017-05-23T14:44:22","guid":{"rendered":"http:\/\/sprenger-bds.de\/?page_id=50"},"modified":"2017-05-29T17:36:16","modified_gmt":"2017-05-29T17:36:16","slug":"schuelernachhilfe","status":"publish","type":"page","link":"https:\/\/sprenger-bds.de\/?page_id=50","title":{"rendered":"Sch\u00fclernachhilfe"},"content":{"rendered":"<p>Dies ist eines meiner Bet\u00e4tigungsfelder, das mir pers\u00f6nlich sehr am Herzen liegt.<\/p>\n<p>Ihre Kinder erhalten bei mir Nachhilfe in Mathematik, Informatik und ggf. auch den Naturwissenschaften f\u00fcr die Klassen 5-10 (Sekundarstufe I), aber auch je nach Umfang und Zeitfenster in der Sekundarstufe II (Oberstufe und Berufsschule).<\/p>\n<p>Auch und besondern die &#8222;schwierigen&#8220; F\u00e4lle sind bei mir willkommen, denn ich verf\u00fcge \u00fcber ein gro\u00dfes Mass an Geduld und Einf\u00fchlungsverm\u00f6gen. Mein &#8222;Hauptberuf&#8220; ist der des Lehrers f\u00fcr Mathematik und Informatik an der Gesamtschule Marienheide &#8211; daher weiss ich, wovon ich spreche.<\/p>\n<p>Kontaktieren Sie mich einfach und wir erarbeiten gemeinsam mit Ihrem Kind eine Strategie, dass insbesondere Mathe wieder Spass macht oder zumindest wieder einen Sinn ergibt.<\/p>\n","protected":false},"excerpt":{"rendered":"<p>Dies ist eines meiner Bet\u00e4tigungsfelder, das mir pers\u00f6nlich sehr am Herzen liegt. Ihre Kinder erhalten bei mir Nachhilfe in Mathematik, Informatik und ggf. auch den Naturwissenschaften f\u00fcr die Klassen 5-10 (Sekundarstufe I), aber auch je nach Umfang und Zeitfenster in der Sekundarstufe II (Oberstufe und Berufsschule). Auch und besondern die &#8230;<\/p>\n<p> <a class=\"continue-reading-link\" href=\"https:\/\/sprenger-bds.de\/?page_id=50\"><span>Continue reading<\/span><i class=\"crycon-right-dir\"><\/i><\/a> <\/p>\n","protected":false},"author":1,"featured_media":0,"parent":0,"menu_order":0,"comment_status":"closed","ping_status":"closed","template":"","meta":[],"_links":{"self":[{"href":"https:\/\/sprenger-bds.de\/index.php?rest_route=\/wp\/v2\/pages\/50"}],"collection":[{"href":"https:\/\/sprenger-bds.de\/index.php?rest_route=\/wp\/v2\/pages"}],"about":[{"href":"https:\/\/sprenger-bds.de\/index.php?rest_route=\/wp\/v2\/types\/page"}],"author":[{"embeddable":true,"href":"https:\/\/sprenger-bds.de\/index.php?rest_route=\/wp\/v2\/users\/1"}],"replies":[{"embeddable":true,"href":"https:\/\/sprenger-bds.de\/index.php?rest_route=%2Fwp%2Fv2%2Fcomments&post=50"}],"version-history":[{"count":4,"href":"https:\/\/sprenger-bds.de\/index.php?rest_route=\/wp\/v2\/pages\/50\/revisions"}],"predecessor-version":[{"id":75,"href":"https:\/\/sprenger-bds.de\/index.php?rest_route=\/wp\/v2\/pages\/50\/revisions\/75"}],"wp:attachment":[{"href":"https:\/\/sprenger-bds.de\/index.php?rest_route=%2Fwp%2Fv2%2Fmedia&parent=50"}],"curies":[{"name":"wp","href":"https:\/\/api.w.org\/{rel}","templated":true}]}}