{"id":40,"date":"2017-05-23T14:37:57","date_gmt":"2017-05-23T14:37:57","guid":{"rendered":"http:\/\/sprenger-bds.de\/?page_id=40"},"modified":"2017-05-29T17:00:44","modified_gmt":"2017-05-29T17:00:44","slug":"ueber-mich","status":"publish","type":"page","link":"https:\/\/sprenger-bds.de\/?page_id=40","title":{"rendered":"\u00dcber mich"},"content":{"rendered":"<p><img loading=\"lazy\" class=\"size-medium wp-image-62 aligncenter\" src=\"http:\/\/sprenger-bds.de\/wp-content\/uploads\/2017\/05\/VS_Bewerbung_klein-300x225.jpg\" alt=\"\" width=\"300\" height=\"225\" srcset=\"https:\/\/sprenger-bds.de\/wp-content\/uploads\/2017\/05\/VS_Bewerbung_klein-300x225.jpg 300w, https:\/\/sprenger-bds.de\/wp-content\/uploads\/2017\/05\/VS_Bewerbung_klein.jpg 466w\" sizes=\"(max-width: 300px) 100vw, 300px\" \/><\/p>\n<p>Sehr geehrter Webseitenbesucher,<\/p>\n<p>mein Name ist Volker Sprenger und ich wurde am 18.01.1975 in Lindlar geboren.<br \/>\nNach Abitur und meinem Wehrdienst begann mein beruflicher Werdegang, dessen Expertise ich Ihnen auf dieser Webseite vorstellen und anbieten m\u00f6chte.<\/p>\n<p>Die wichtigen Stationen finden Sie in folgende Liste:<\/p>\n<ul>\n<li>Berufausbildung zum Industriekaufmann IHK<\/li>\n<li>Studium der Wirtschaftsinformatik an der TH K\u00f6ln (fr\u00fcher: FH K\u00f6ln), Dipl.-Inform.(FH), Abschlussarbeit wurde mit einem Absolventenpreis ausgezeichnet<\/li>\n<li>Langj\u00e4hrige Erfahrung in den Bereichen\n<ul>\n<li>Windows Systemadministration<\/li>\n<li>Windows System Engineering<\/li>\n<li>Adminstration diverser PPS\/ERP-Systeme mit den dazugeh\u00f6rigen Datenbanken<\/li>\n<li>Planung\/Administration von TK-Anlagen und angeschlossenen CTI-Systemen<\/li>\n<li>Virtualisierung unter VMWARE und HYPER-V<\/li>\n<li>Projektmanagement<\/li>\n<li>IT-Leitung<\/li>\n<li>Aus- und Weiterbildung im Bereich IT<\/li>\n<li>Ausbildung IHK \/ Pr\u00fcfungsvorbereitung kaufm\u00e4nnisch und IT<\/li>\n<li>Sch\u00fclernachhilfe in Mathematik und in den Naturwissenschaften und Informatik in Sek. I, ggf. auch Sek II.<\/li>\n<li>Berufserfahrung als Lehrer im Schuldienst (Seiteneinsteiger)<\/li>\n<\/ul>\n<\/li>\n<\/ul>\n<p>Details zu den einzelnen Feldern finden Sie im Hauptmen\u00fc unter den Rubriken Beratung, Dienstleistung, Schulung und Sch\u00fclernachhilfe.<\/p>\n<p>Bei Fragen stehe ich Ihnen jederzeit unter den im Impressum genannten Kontaktdaten zur Verf\u00fcgung.<\/p>\n<p>Freundliche Gr\u00fc\u00dfe,<\/p>\n<p>Ihr Volker Sprenger<\/p>\n<p>&nbsp;<\/p>\n<p>&nbsp;<\/p>\n","protected":false},"excerpt":{"rendered":"<p>Sehr geehrter Webseitenbesucher, mein Name ist Volker Sprenger und ich wurde am 18.01.1975 in Lindlar geboren. Nach Abitur und meinem Wehrdienst begann mein beruflicher Werdegang, dessen Expertise ich Ihnen auf dieser Webseite vorstellen und anbieten m\u00f6chte. Die wichtigen Stationen finden Sie in folgende Liste: Berufausbildung zum Industriekaufmann IHK Studium der &#8230;<\/p>\n<p> <a class=\"continue-reading-link\" href=\"https:\/\/sprenger-bds.de\/?page_id=40\"><span>Continue reading<\/span><i class=\"crycon-right-dir\"><\/i><\/a> <\/p>\n","protected":false},"author":1,"featured_media":0,"parent":0,"menu_order":0,"comment_status":"closed","ping_status":"closed","template":"","meta":[],"_links":{"self":[{"href":"https:\/\/sprenger-bds.de\/index.php?rest_route=\/wp\/v2\/pages\/40"}],"collection":[{"href":"https:\/\/sprenger-bds.de\/index.php?rest_route=\/wp\/v2\/pages"}],"about":[{"href":"https:\/\/sprenger-bds.de\/index.php?rest_route=\/wp\/v2\/types\/page"}],"author":[{"embeddable":true,"href":"https:\/\/sprenger-bds.de\/index.php?rest_route=\/wp\/v2\/users\/1"}],"replies":[{"embeddable":true,"href":"https:\/\/sprenger-bds.de\/index.php?rest_route=%2Fwp%2Fv2%2Fcomments&post=40"}],"version-history":[{"count":4,"href":"https:\/\/sprenger-bds.de\/index.php?rest_route=\/wp\/v2\/pages\/40\/revisions"}],"predecessor-version":[{"id":63,"href":"https:\/\/sprenger-bds.de\/index.php?rest_route=\/wp\/v2\/pages\/40\/revisions\/63"}],"wp:attachment":[{"href":"https:\/\/sprenger-bds.de\/index.php?rest_route=%2Fwp%2Fv2%2Fmedia&parent=40"}],"curies":[{"name":"wp","href":"https:\/\/api.w.org\/{rel}","templated":true}]}}