{"id":36,"date":"2017-05-23T14:37:40","date_gmt":"2017-05-23T14:37:40","guid":{"rendered":"http:\/\/sprenger-bds.de\/?page_id=36"},"modified":"2017-05-29T17:18:43","modified_gmt":"2017-05-29T17:18:43","slug":"diensteistung","status":"publish","type":"page","link":"https:\/\/sprenger-bds.de\/?page_id=36","title":{"rendered":"Dienstleistung"},"content":{"rendered":"<p>Im Bereich IT kann ich Ihnen alle Handgriffe, die f\u00fcr die Planung und den Betrieb Ihrer IT im Rahmen eines Change-Projektes oder einfach nur im Alltag als Dienstleistung anbieten.<\/p>\n<p>Nicht jedes kleine Unternehmen kann und will sich IT-Personal leisten. Das muss auch nicht sein.<\/p>\n<p>Gerade in den im Bereich der Administration, der Dokumentation oder des &#8222;Entr\u00fcmpelns&#8220; von Datenbest\u00e4nden gibt es viele Aufgaben, die erledigt werden m\u00fcssen, aber eben Fachkenntnis und Sensibilit\u00e4t erfordern.<\/p>\n<p>Hier kann ich vieles f\u00fcr Sie tun &#8211; mit Ausnahme des Verkaufs von IT-Material. Das bekommen Sie heute bei den &#8222;Gro\u00dfen&#8220; meist g\u00fcnstiger, schneller und mit einer hervorragenden Garantie- und Gew\u00e4hrleistungsabwicklung. Aber bei Auswahl und Quantifizierung helfe ich Ihnen gern.<\/p>\n<p>Noch Fragen dazu? Kein Problem, kontaktieren Sie mich, dann sprechen wir dar\u00fcber.<\/p>\n<p>&nbsp;<\/p>\n","protected":false},"excerpt":{"rendered":"<p>Im Bereich IT kann ich Ihnen alle Handgriffe, die f\u00fcr die Planung und den Betrieb Ihrer IT im Rahmen eines Change-Projektes oder einfach nur im Alltag als Dienstleistung anbieten. Nicht jedes kleine Unternehmen kann und will sich IT-Personal leisten. Das muss auch nicht sein. Gerade in den im Bereich der &#8230;<\/p>\n<p> <a class=\"continue-reading-link\" href=\"https:\/\/sprenger-bds.de\/?page_id=36\"><span>Continue reading<\/span><i class=\"crycon-right-dir\"><\/i><\/a> <\/p>\n","protected":false},"author":1,"featured_media":0,"parent":0,"menu_order":0,"comment_status":"closed","ping_status":"closed","template":"","meta":[],"_links":{"self":[{"href":"https:\/\/sprenger-bds.de\/index.php?rest_route=\/wp\/v2\/pages\/36"}],"collection":[{"href":"https:\/\/sprenger-bds.de\/index.php?rest_route=\/wp\/v2\/pages"}],"about":[{"href":"https:\/\/sprenger-bds.de\/index.php?rest_route=\/wp\/v2\/types\/page"}],"author":[{"embeddable":true,"href":"https:\/\/sprenger-bds.de\/index.php?rest_route=\/wp\/v2\/users\/1"}],"replies":[{"embeddable":true,"href":"https:\/\/sprenger-bds.de\/index.php?rest_route=%2Fwp%2Fv2%2Fcomments&post=36"}],"version-history":[{"count":3,"href":"https:\/\/sprenger-bds.de\/index.php?rest_route=\/wp\/v2\/pages\/36\/revisions"}],"predecessor-version":[{"id":70,"href":"https:\/\/sprenger-bds.de\/index.php?rest_route=\/wp\/v2\/pages\/36\/revisions\/70"}],"wp:attachment":[{"href":"https:\/\/sprenger-bds.de\/index.php?rest_route=%2Fwp%2Fv2%2Fmedia&parent=36"}],"curies":[{"name":"wp","href":"https:\/\/api.w.org\/{rel}","templated":true}]}}