{"id":34,"date":"2017-05-23T14:37:27","date_gmt":"2017-05-23T14:37:27","guid":{"rendered":"http:\/\/sprenger-bds.de\/?page_id=34"},"modified":"2017-05-29T17:10:52","modified_gmt":"2017-05-29T17:10:52","slug":"beratung","status":"publish","type":"page","link":"https:\/\/sprenger-bds.de\/?page_id=34","title":{"rendered":"Beratung"},"content":{"rendered":"<p>Durch meine langj\u00e4hrige T\u00e4tigkeit als IT-Dienstleister und als IT-Leiter kann ich Ihnen eine F\u00fclle von Beratungsleistungen f\u00fcr Ihr Unternehmen bieten. Mein Schwerpunkt liegt dabei auf kleinen Unternehmen, denen ich im Rahmen des &#8222;kleinen Budgets&#8220; L\u00f6sungsstrategien im den Bereichen<\/p>\n<ul>\n<li>Backup und Restore<\/li>\n<li>Datenschutz (Personenbezogene Daten, Zugriffsschutzstrategien)<\/li>\n<li>IT-Grundschutz nach BSI<\/li>\n<li>Reorganisation der IT<\/li>\n<li>Telefon \/ Telefonanlagen \/ CTI (Computer-Telefonie-Integration)<\/li>\n<li>Nutzung moderner IT-Technologie wie Virtualisierung und Cloud-Computing<\/li>\n<\/ul>\n<p>Mit i.d.R. teuren Produkten kann dies jeder schnell erreichen, aber oft gibt es auch Bordmittel oder strategische Methoden, die Anschaffungs- und Betriebskosten f\u00fcr diese Aufgabenstellungen niedrig zu halten.<\/p>\n<p>Sprechen Sie mich einfach an.<\/p>\n","protected":false},"excerpt":{"rendered":"<p>Durch meine langj\u00e4hrige T\u00e4tigkeit als IT-Dienstleister und als IT-Leiter kann ich Ihnen eine F\u00fclle von Beratungsleistungen f\u00fcr Ihr Unternehmen bieten. Mein Schwerpunkt liegt dabei auf kleinen Unternehmen, denen ich im Rahmen des &#8222;kleinen Budgets&#8220; L\u00f6sungsstrategien im den Bereichen Backup und Restore Datenschutz (Personenbezogene Daten, Zugriffsschutzstrategien) IT-Grundschutz nach BSI Reorganisation der &#8230;<\/p>\n<p> <a class=\"continue-reading-link\" href=\"https:\/\/sprenger-bds.de\/?page_id=34\"><span>Continue reading<\/span><i class=\"crycon-right-dir\"><\/i><\/a> <\/p>\n","protected":false},"author":1,"featured_media":0,"parent":0,"menu_order":0,"comment_status":"closed","ping_status":"closed","template":"","meta":[],"_links":{"self":[{"href":"https:\/\/sprenger-bds.de\/index.php?rest_route=\/wp\/v2\/pages\/34"}],"collection":[{"href":"https:\/\/sprenger-bds.de\/index.php?rest_route=\/wp\/v2\/pages"}],"about":[{"href":"https:\/\/sprenger-bds.de\/index.php?rest_route=\/wp\/v2\/types\/page"}],"author":[{"embeddable":true,"href":"https:\/\/sprenger-bds.de\/index.php?rest_route=\/wp\/v2\/users\/1"}],"replies":[{"embeddable":true,"href":"https:\/\/sprenger-bds.de\/index.php?rest_route=%2Fwp%2Fv2%2Fcomments&post=34"}],"version-history":[{"count":3,"href":"https:\/\/sprenger-bds.de\/index.php?rest_route=\/wp\/v2\/pages\/34\/revisions"}],"predecessor-version":[{"id":68,"href":"https:\/\/sprenger-bds.de\/index.php?rest_route=\/wp\/v2\/pages\/34\/revisions\/68"}],"wp:attachment":[{"href":"https:\/\/sprenger-bds.de\/index.php?rest_route=%2Fwp%2Fv2%2Fmedia&parent=34"}],"curies":[{"name":"wp","href":"https:\/\/api.w.org\/{rel}","templated":true}]}}